{"id":829,"date":"2023-05-16T11:47:57","date_gmt":"2023-05-16T11:47:57","guid":{"rendered":"https:\/\/arcadiadancestudio.com\/?page_id=829"},"modified":"2026-03-06T16:41:27","modified_gmt":"2026-03-06T16:41:27","slug":"tarifas","status":"publish","type":"page","link":"https:\/\/arcadiadancestudio.com\/index.php\/tarifas\/","title":{"rendered":"Precios"},"content":{"rendered":"\n<p>\u2728 <em>Arcadia es un proyecto artesanal, creado y sostenido solo por m\u00ed, Elena.<\/em><\/p>\n\n\n\n<p><br>Cada clase, taller o propuesta est\u00e1 pensada con cari\u00f1o y dedicaci\u00f3n, poniendo en ello el coraz\u00f3n y la experiencia. No es una gran empresa, sino un espacio vivo y cercano, donde la atenci\u00f3n es personal y cada detalle est\u00e1 cuidado.<\/p>\n\n\n\n<p>Los precios reflejan no solo el tiempo de la clase, sino <strong>la entrega, la preparaci\u00f3n, la formaci\u00f3n y la calidad<\/strong> que ofrezco para que cada sesi\u00f3n sea especial. Gracias por valorarlo.<\/p>\n\n\n\n<p class=\"has-xx-large-font-size\"><strong>TARIFAS GENERALES<\/strong><\/p>\n\n\n\n<div class=\"wp-block-columns is-layout-flex wp-container-6\">\n<div class=\"wp-block-column is-layout-flow\" style=\"--col-width:100%;flex-basis:100%\">\n<div class=\"wp-block-columns is-layout-flex wp-container-4\">\n<div class=\"wp-block-column is-layout-flow\">\n<figure class=\"wp-block-image size-full\"><img decoding=\"async\" loading=\"lazy\" width=\"2000\" height=\"1414\" src=\"https:\/\/arcadiadancestudio.com\/wp-content\/uploads\/2024\/08\/1-2.png\" alt=\"\" class=\"wp-image-1848\"\/><\/figure>\n<\/div>\n\n\n\n<div class=\"wp-block-column is-layout-flow\">\n<figure class=\"wp-block-image size-large\"><img decoding=\"async\" loading=\"lazy\" width=\"1024\" height=\"724\" src=\"https:\/\/arcadiadancestudio.com\/wp-content\/uploads\/2024\/08\/3-2-1024x724.png\" alt=\"\" class=\"wp-image-1846\" srcset=\"https:\/\/arcadiadancestudio.com\/wp-content\/uploads\/2024\/08\/3-2-1024x724.png 1024w, https:\/\/arcadiadancestudio.com\/wp-content\/uploads\/2024\/08\/3-2-300x212.png 300w, https:\/\/arcadiadancestudio.com\/wp-content\/uploads\/2024\/08\/3-2-768x543.png 768w, https:\/\/arcadiadancestudio.com\/wp-content\/uploads\/2024\/08\/3-2-1536x1086.png 1536w, https:\/\/arcadiadancestudio.com\/wp-content\/uploads\/2024\/08\/3-2.png 2000w\" sizes=\"(max-width: 1024px) 100vw, 1024px\" \/><\/figure>\n<\/div>\n\n\n\n<div class=\"wp-block-column is-layout-flow\">\n<figure class=\"wp-block-image size-large\"><img decoding=\"async\" loading=\"lazy\" width=\"1024\" height=\"724\" src=\"https:\/\/arcadiadancestudio.com\/wp-content\/uploads\/2024\/08\/4-2-1024x724.png\" alt=\"\" class=\"wp-image-1847\" srcset=\"https:\/\/arcadiadancestudio.com\/wp-content\/uploads\/2024\/08\/4-2-1024x724.png 1024w, https:\/\/arcadiadancestudio.com\/wp-content\/uploads\/2024\/08\/4-2-300x212.png 300w, https:\/\/arcadiadancestudio.com\/wp-content\/uploads\/2024\/08\/4-2-768x543.png 768w, https:\/\/arcadiadancestudio.com\/wp-content\/uploads\/2024\/08\/4-2-1536x1086.png 1536w, https:\/\/arcadiadancestudio.com\/wp-content\/uploads\/2024\/08\/4-2.png 2000w\" sizes=\"(max-width: 1024px) 100vw, 1024px\" \/><\/figure>\n<\/div>\n<\/div>\n<\/div>\n<\/div>\n\n\n\n<div class=\"wp-block-columns is-layout-flex wp-container-10\">\n<div class=\"wp-block-column is-layout-flow\">\n<figure class=\"wp-block-image size-full\"><img decoding=\"async\" loading=\"lazy\" width=\"2000\" height=\"1414\" src=\"https:\/\/arcadiadancestudio.com\/wp-content\/uploads\/2024\/08\/5-3.png\" alt=\"\" class=\"wp-image-1849\"\/><\/figure>\n<\/div>\n\n\n\n<div class=\"wp-block-column is-layout-flow\">\n<figure class=\"wp-block-image size-large\"><img decoding=\"async\" loading=\"lazy\" width=\"1024\" height=\"724\" src=\"https:\/\/arcadiadancestudio.com\/wp-content\/uploads\/2024\/08\/6-3-1024x724.png\" alt=\"\" class=\"wp-image-1844\" srcset=\"https:\/\/arcadiadancestudio.com\/wp-content\/uploads\/2024\/08\/6-3-1024x724.png 1024w, https:\/\/arcadiadancestudio.com\/wp-content\/uploads\/2024\/08\/6-3-300x212.png 300w, https:\/\/arcadiadancestudio.com\/wp-content\/uploads\/2024\/08\/6-3-768x543.png 768w, https:\/\/arcadiadancestudio.com\/wp-content\/uploads\/2024\/08\/6-3-1536x1086.png 1536w, https:\/\/arcadiadancestudio.com\/wp-content\/uploads\/2024\/08\/6-3.png 2000w\" sizes=\"(max-width: 1024px) 100vw, 1024px\" \/><\/figure>\n<\/div>\n\n\n\n<div class=\"wp-block-column is-layout-flow\">\n<figure class=\"wp-block-image size-large\"><img decoding=\"async\" loading=\"lazy\" width=\"1024\" height=\"724\" src=\"https:\/\/arcadiadancestudio.com\/wp-content\/uploads\/2024\/08\/Copia-de-Horario-Semanal-vintage-floral-beige-1024x724.png\" alt=\"\" class=\"wp-image-1852\" srcset=\"https:\/\/arcadiadancestudio.com\/wp-content\/uploads\/2024\/08\/Copia-de-Horario-Semanal-vintage-floral-beige-1024x724.png 1024w, https:\/\/arcadiadancestudio.com\/wp-content\/uploads\/2024\/08\/Copia-de-Horario-Semanal-vintage-floral-beige-300x212.png 300w, https:\/\/arcadiadancestudio.com\/wp-content\/uploads\/2024\/08\/Copia-de-Horario-Semanal-vintage-floral-beige-768x543.png 768w, https:\/\/arcadiadancestudio.com\/wp-content\/uploads\/2024\/08\/Copia-de-Horario-Semanal-vintage-floral-beige-1536x1086.png 1536w, https:\/\/arcadiadancestudio.com\/wp-content\/uploads\/2024\/08\/Copia-de-Horario-Semanal-vintage-floral-beige.png 2000w\" sizes=\"(max-width: 1024px) 100vw, 1024px\" \/><\/figure>\n<\/div>\n<\/div>\n\n\n\n<div class=\"wp-block-columns is-layout-flex wp-container-14\">\n<div class=\"wp-block-column is-layout-flow\">\n<figure class=\"wp-block-image size-large\"><img decoding=\"async\" loading=\"lazy\" width=\"1024\" height=\"724\" src=\"https:\/\/arcadiadancestudio.com\/wp-content\/uploads\/2024\/08\/talleres-1024x724.png\" alt=\"\" class=\"wp-image-1856\" srcset=\"https:\/\/arcadiadancestudio.com\/wp-content\/uploads\/2024\/08\/talleres-1024x724.png 1024w, https:\/\/arcadiadancestudio.com\/wp-content\/uploads\/2024\/08\/talleres-300x212.png 300w, https:\/\/arcadiadancestudio.com\/wp-content\/uploads\/2024\/08\/talleres-768x543.png 768w, https:\/\/arcadiadancestudio.com\/wp-content\/uploads\/2024\/08\/talleres-1536x1086.png 1536w, https:\/\/arcadiadancestudio.com\/wp-content\/uploads\/2024\/08\/talleres.png 2000w\" sizes=\"(max-width: 1024px) 100vw, 1024px\" \/><\/figure>\n<\/div>\n\n\n\n<div class=\"wp-block-column is-layout-flow\">\n<figure class=\"wp-block-image size-large\"><img decoding=\"async\" loading=\"lazy\" width=\"1024\" height=\"724\" src=\"https:\/\/arcadiadancestudio.com\/wp-content\/uploads\/2025\/08\/Copia-de-Horario-Semanal-vintage-floral-beige-1024x724.jpg\" alt=\"\" class=\"wp-image-2391\" srcset=\"https:\/\/arcadiadancestudio.com\/wp-content\/uploads\/2025\/08\/Copia-de-Horario-Semanal-vintage-floral-beige-1024x724.jpg 1024w, https:\/\/arcadiadancestudio.com\/wp-content\/uploads\/2025\/08\/Copia-de-Horario-Semanal-vintage-floral-beige-300x212.jpg 300w, https:\/\/arcadiadancestudio.com\/wp-content\/uploads\/2025\/08\/Copia-de-Horario-Semanal-vintage-floral-beige-768x543.jpg 768w, https:\/\/arcadiadancestudio.com\/wp-content\/uploads\/2025\/08\/Copia-de-Horario-Semanal-vintage-floral-beige-1536x1086.jpg 1536w, https:\/\/arcadiadancestudio.com\/wp-content\/uploads\/2025\/08\/Copia-de-Horario-Semanal-vintage-floral-beige.jpg 2000w\" sizes=\"(max-width: 1024px) 100vw, 1024px\" \/><\/figure>\n<\/div>\n\n\n\n<div class=\"wp-block-column is-layout-flow\">\n<figure class=\"wp-block-image size-large\"><img decoding=\"async\" loading=\"lazy\" width=\"1024\" height=\"724\" src=\"https:\/\/arcadiadancestudio.com\/wp-content\/uploads\/2024\/08\/2-1024x724.png\" alt=\"\" class=\"wp-image-1827\" srcset=\"https:\/\/arcadiadancestudio.com\/wp-content\/uploads\/2024\/08\/2-1024x724.png 1024w, https:\/\/arcadiadancestudio.com\/wp-content\/uploads\/2024\/08\/2-300x212.png 300w, https:\/\/arcadiadancestudio.com\/wp-content\/uploads\/2024\/08\/2-768x543.png 768w, https:\/\/arcadiadancestudio.com\/wp-content\/uploads\/2024\/08\/2-1536x1086.png 1536w, https:\/\/arcadiadancestudio.com\/wp-content\/uploads\/2024\/08\/2.png 2000w\" sizes=\"(max-width: 1024px) 100vw, 1024px\" \/><\/figure>\n<\/div>\n<\/div>\n\n\n\n<p><strong>Matr\u00edcula 25\u20ac<\/strong>: Se abonar\u00e1 cada nuevo curso, en caso que no hayas abonado ninguna cuota el mes anterior. Est\u00e1s exenta de pagarla si has estado dada de alta el mes anterior ya sea abonando cuota de clases regulares, cursos de verano, talleres, o bien has abonado la cuota de baja o mantenimiento de plaza. El pago de la matricula es para todo el curso, s\u00f3lo un pago anual que te cubre de septiembre a julio.<\/p>\n\n\n\n<p><strong>***OFERTA de BIENVENIDA: V\u00c1LIDA S\u00d3LO DURANTE MARZO 2026 ***<\/strong> Matr\u00edcula gratuita si eliges pagar entero tu primer trimestre. S\u00f3lo v\u00e1lida para nuevos estudiantes de Arcadia, si te apuntas por primera vez no pagas matr\u00edcula si pagas primeros tres meses de golpe.<\/p>\n\n\n\n<p><strong>Pago trimestral habitual con regalo!<\/strong> Si eres alumna regular habitual y escoges pagar 3 meses de golpe tienes <strong>clase adicional de regalo<\/strong>, a escoger pueden ser 1, 2 o 3 seg\u00fan cual sea tu plan de clases regulares que hayas pagado. A disfrutar durante esos tres meses, a escoger entre toda la oferta de Arcadia de clases regulares activas de 1 hora, pero cons\u00faltame para recomendarte seg\u00fan tu caso, para que puedas tener la mejor experiencia.<\/p>\n\n\n\n<p><strong>Tarifa de baja temporal<\/strong>:  <strong>15\u20ac<\/strong> por cualquier causa, para el mantenimiento de plaza en cada grupo donde estabas apuntada. Da derecho de disfrutar de 1 clase o sesi\u00f3n ese mes. Con esta cuota puedes seguir dentro del grupo\/s de Whatsapp donde se colgar\u00e1 material que se vaya realizando en clase, como por ejemplo videos de la evoluci\u00f3n de la coreograf\u00eda, vestuario, detalles, etc mientras no asistes, para no perder el hilo de lo que se vaya trabajando. La cuota de baja temporal es por cada grupo donde estabas apuntada, para reservarte plaza en cada uno y poder mantenerte en contacto con el grupo de whatsapp.<\/p>\n\n\n\n<p>En caso de baja definitiva, saldr\u00e1s de ese grupo de whatsapp pero seguiremos en contacto en la comunidad Arcadia.<\/p>\n\n\n\n<p><strong>Clase de prueba: <\/strong><\/p>\n\n\n\n<p>Puedes probar clase suelta del estilo que desees a precio de clase suelta, si luego decides apuntarte se te descontar\u00e1 el coste de esa clase de la quota mensual definitiva que elijas.  <\/p>\n\n\n\n<p><strong>Clase suelta 15\u20ac<\/strong>  ***oferta durante Marzo 2026: primera clase de prueba a 5\u20ac***<\/p>\n\n\n\n<p><strong>Clases privadas particulares: desde 40\u20ac\/h, bono de 4 clases 150\u20ac <\/strong>Me adapto a tu disponibilidad, objetivo, necesidades, proyecto, .. cu\u00e9ntame!<\/p>\n\n\n\n<p class=\"has-xx-large-font-size\"><strong>NORMATIVA DE PAGOS<\/strong><\/p>\n\n\n\n<p>Las cuotas deben abonarse entre la ultima semana previa al mes y los 7 primeros d\u00edas de mes como m\u00e1ximo, ya sea en efectivo, Bizum, Transferencia, pago con tarjeta en el estudio. <\/p>\n\n\n\n<p>Si te das de baja tienes que preavisar durante la ultima semana del mes anterior. <\/p>\n\n\n\n<p>En caso de tener alguna dificultad econ\u00f3mica por favor av\u00edsame para ofrecerte alternativas o ayudarte para que puedas seguir con la regularidad en tu pr\u00e1ctica. Todo tiene soluci\u00f3n.<\/p>\n\n\n\n<p>Si faltas y no has pagado el mes en curso y no has preavisado de tu baja debes abonar la cuota en tu integridad. Doy facilidades para recuperaci\u00f3n detalladas a continuaci\u00f3n.<\/p>\n\n\n\n<figure class=\"wp-block-image aligncenter size-large is-resized\"><img decoding=\"async\" loading=\"lazy\" src=\"https:\/\/arcadiadancestudio.com\/wp-content\/uploads\/2024\/07\/logo-arcadia-13-1024x1024.jpg\" alt=\"\" class=\"wp-image-1809\" width=\"68\" height=\"68\" srcset=\"https:\/\/arcadiadancestudio.com\/wp-content\/uploads\/2024\/07\/logo-arcadia-13-1024x1024.jpg 1024w, https:\/\/arcadiadancestudio.com\/wp-content\/uploads\/2024\/07\/logo-arcadia-13-300x300.jpg 300w, https:\/\/arcadiadancestudio.com\/wp-content\/uploads\/2024\/07\/logo-arcadia-13-150x150.jpg 150w, https:\/\/arcadiadancestudio.com\/wp-content\/uploads\/2024\/07\/logo-arcadia-13-768x768.jpg 768w, https:\/\/arcadiadancestudio.com\/wp-content\/uploads\/2024\/07\/logo-arcadia-13-1536x1536.jpg 1536w, https:\/\/arcadiadancestudio.com\/wp-content\/uploads\/2024\/07\/logo-arcadia-13-2048x2048.jpg 2048w\" sizes=\"(max-width: 68px) 100vw, 68px\" \/><\/figure>\n\n\n\n<p><\/p>\n\n\n\n<h3 class=\"wp-block-heading\" id=\"Normativa-de-Recuperaciones\"><strong>Normativa de Recuperaci\u00f3n de Clases <\/strong><\/h3>\n\n\n\n<h4 class=\"wp-block-heading\"><strong>y Participaci\u00f3n en Coreograf\u00edas<\/strong><\/h4>\n\n\n\n<p><strong>Norma general:<\/strong> S\u00f3lo se puede recuperar clases regulares y siempre que se mantenga cuota activa en Arcadia. Si quieres recuperar faltas anteriores a ese mes (m\u00e1ximo 3 meses) es necesario que est\u00e9s apuntada con cuota activa y al corriente de pago el mes que quieras recuperar. <\/p>\n\n\n\n<p>En caso de faltas de asistencia (sea por el motivo que sea) se puede recuperar esa clase recibiendo la clase perdida grabada, para ello es necesario que avises con antelaci\u00f3n de tu ausencia para poder grabarla, o en caso que no hayas avisado puedes  venir a Yoga o FatchanceBellydance otro d\u00eda. <\/p>\n\n\n\n<p><strong>\ud83d\udccc Opciones de recuperaci\u00f3n (hasta 3 meses)<\/strong><\/p>\n\n\n\n<h6 class=\"wp-block-heading\">Puedes escoger entre:<\/h6>\n\n\n\n<ul>\n<li><strong>Clase grabada<\/strong>\n<ul>\n<li>Si <strong>avisas con antelaci\u00f3n<\/strong>, ser\u00e1 la misma clase a la que est\u00e1s apuntada y has perdido<\/li>\n\n\n\n<li>Si <strong>no avisas<\/strong>, se facilitar\u00e1 una clase similar (seg\u00fan disponibilidad)<\/li>\n<\/ul>\n<\/li>\n\n\n\n<li>Clase de <strong>Yoga<\/strong> o de Acondicionamiento F\u00edsico<\/li>\n\n\n\n<li>Clase de <strong>Fatchance<\/strong> Bellydance<\/li>\n\n\n\n<li>En casos especiales, podemos valorar otras opciones.<\/li>\n\n\n\n<li>En talleres la falta de asistencia no es reemborsable, se ofrece recuperaci\u00f3n con la grabaci\u00f3n del mismo \u00fanicamente. <\/li>\n<\/ul>\n\n\n\n<h5 class=\"wp-block-heading\"><strong>\u26d4 Recuperaciones y coreograf\u00edas<\/strong><\/h5>\n\n\n\n<ul>\n<li>No se puede recuperar en un grupo donde se est\u00e9 montando una coreograf\u00eda, salvo que tambi\u00e9n participes activamente en talleres paralelos de la misma. Pero esa recuperaci\u00f3n no sustituye tu participaci\u00f3n activa en los talleres de ese mes.<\/li>\n\n\n\n<li>Esto garantiza la cohesi\u00f3n del grupo y el nivel t\u00e9cnico de la coreograf\u00eda. <\/li>\n\n\n\n<li>Tambi\u00e9n quiero que tu experiencia en clase (ya sea recuperaci\u00f3n o no) sea lo m\u00e1s positiva y aprovechable para ti.<\/li>\n<\/ul>\n\n\n\n<p><\/p>\n\n\n\n<h5 class=\"wp-block-heading\"><strong>\ud83c\udfad Participaci\u00f3n en coreograf\u00edas (espect\u00e1culo de final de curso)<\/strong><\/h5>\n\n\n\n<p>Para unirte a una coreograf\u00eda, debes:<\/p>\n\n\n\n<ul>\n<li>Estar apuntada al grupo <strong>m\u00ednimo 3 meses antes del espect\u00e1culo<\/strong> o<\/li>\n\n\n\n<li>Asistir a los <strong>talleres<\/strong> si la coreograf\u00eda se trabaja en ese formato (o bien trabajar las grabaciones de los mismos).<\/li>\n\n\n\n<li>El \u00faltimo mes se dedica sobre todo a la preparaci\u00f3n del show, ensayos y detalles finales. <\/li>\n<\/ul>\n\n\n\n<h5 class=\"wp-block-heading\"><strong>\ud83d\udcc5 Festivos y calendario<\/strong><\/h5>\n\n\n\n<ul>\n<li>No se har\u00e1 clase en festivos, de la misma forma que cuando hay meses con 5 sesiones tampoco se incrementa la cuota. <\/li>\n\n\n\n<li>Ese d\u00eda festivo que ha coincidido en tu d\u00eda de clase se podr\u00e1 recuperar durante este periodo en <strong>Yoga o Fatchance<\/strong>. Igualmente puedes consultarme tu caso concreto. <\/li>\n<\/ul>\n\n\n\n<h5 class=\"wp-block-heading\"><strong>\ud83d\udc69\u200d\ud83c\udfeb Clases con profesora sustituta<\/strong><\/h5>\n\n\n\n<ul>\n<li>Si hay sustituta, la clase se considera v\u00e1lida.<\/li>\n\n\n\n<li>Si no asistes, la clase se da por perdida (pero puedes recuperar con las opciones habituales arriba explicadas).<\/li>\n<\/ul>\n\n\n\n<h5 class=\"wp-block-heading\"><strong>\u274c Clases canceladas por la profesora<\/strong><\/h5>\n\n\n\n<ul>\n<li>Si no hay sustituta, se ofrecer\u00e1 una alternativa de recuperaci\u00f3n consensuada en el grupo.<\/li>\n<\/ul>\n\n\n\n<ul>\n<li><\/li>\n<\/ul>\n\n\n\n<p>A pesar de esta normativa siempre hay alg\u00fan caso particular, puedes consultarme en todo momento y como siempre encontraremos la mejor soluci\u00f3n \ud83d\ude42<\/p>\n\n\n\n<p class=\"has-xx-large-font-size\"><strong>Clases online<\/strong>: <\/p>\n\n\n\n<p>Si quieres puedes matricularte online a cualquiera de los cursos regulares activos, preg\u00fantame y con\u00e9ctate est\u00e9s donde est\u00e9s. Misma tarifa que las clases grupales en horario regular semanal.<\/p>\n\n\n\n<p>Si quieres alg\u00fan grupo, materia o horario que no est\u00e1 programado, preg\u00fantame, trabajar\u00e9 para abrir grupo online exclusivo. <\/p>\n\n\n\n<p>Tambi\u00e9n posibilidad de <strong>CLASES PRIVADAS PARTICULARES ONLINE<\/strong>, misma tarifa que las clases privadas particulares presenciales.<\/p>\n\n\n\n<p><strong>Alquiler de salas: <\/strong>precio super especial ensayo para alumnos de clases regulares, preg\u00fantame.  Alquiler para externos seg\u00fan propuesta, preg\u00fantame opciones, condiciones y disponibilidad.<\/p>\n\n\n\n<p>Para inscribirte o aclarar cualquier duda escr\u00edbeme a :<\/p>\n\n\n\n<p><a href=\"mailto:arcadiadancestudio@gmail.com\"><strong>arcadiadancestudio@gmail.com<\/strong><\/a><\/p>\n\n\n\n<p>o rellena el siguiente formulario:<\/p>\n\n\n\n<div class=\"wp-block-columns is-layout-flex wp-container-16\">\n<div class=\"wp-block-column is-layout-flow\"><\/div>\n<\/div>\n\n\n\n<p><\/p>\n","protected":false},"excerpt":{"rendered":"<p>\u2728 Arcadia es un proyecto artesanal, creado y sostenido solo por m\u00ed, Elena. Cada clase, taller o propuesta est\u00e1 pensada con cari\u00f1o y dedicaci\u00f3n, poniendo en ello el coraz\u00f3n y la experiencia. No es una gran empresa, sino un espacio vivo y cercano, donde la atenci\u00f3n es personal y cada detalle est\u00e1 cuidado. Los precios [&hellip;]<\/p>\n","protected":false},"author":1,"featured_media":0,"parent":0,"menu_order":0,"comment_status":"closed","ping_status":"closed","template":"","meta":{"om_disable_all_campaigns":false,"_uag_custom_page_level_css":"","_monsterinsights_skip_tracking":false,"_monsterinsights_sitenote_active":false,"_monsterinsights_sitenote_note":"","_monsterinsights_sitenote_category":0,"swt_meta_header_display":false,"swt_meta_footer_display":false,"swt_meta_site_title_display":true,"swt_meta_sticky_header":false,"swt_meta_transparent_header":false},"aioseo_notices":[],"uagb_featured_image_src":{"full":false,"thumbnail":false,"medium":false,"medium_large":false,"large":false,"1536x1536":false,"2048x2048":false},"uagb_author_info":{"display_name":"arcadiadancce","author_link":"https:\/\/arcadiadancestudio.com\/index.php\/author\/arcadiadancce\/"},"uagb_comment_info":0,"uagb_excerpt":"\u2728 Arcadia es un proyecto artesanal, creado y sostenido solo por m\u00ed, Elena. Cada clase, taller o propuesta est\u00e1 pensada con cari\u00f1o y dedicaci\u00f3n, poniendo en ello el coraz\u00f3n y la experiencia. No es una gran empresa, sino un espacio vivo y cercano, donde la atenci\u00f3n es personal y cada detalle est\u00e1 cuidado. Los precios&hellip;","_links":{"self":[{"href":"https:\/\/arcadiadancestudio.com\/index.php\/wp-json\/wp\/v2\/pages\/829"}],"collection":[{"href":"https:\/\/arcadiadancestudio.com\/index.php\/wp-json\/wp\/v2\/pages"}],"about":[{"href":"https:\/\/arcadiadancestudio.com\/index.php\/wp-json\/wp\/v2\/types\/page"}],"author":[{"embeddable":true,"href":"https:\/\/arcadiadancestudio.com\/index.php\/wp-json\/wp\/v2\/users\/1"}],"replies":[{"embeddable":true,"href":"https:\/\/arcadiadancestudio.com\/index.php\/wp-json\/wp\/v2\/comments?post=829"}],"version-history":[{"count":112,"href":"https:\/\/arcadiadancestudio.com\/index.php\/wp-json\/wp\/v2\/pages\/829\/revisions"}],"predecessor-version":[{"id":2780,"href":"https:\/\/arcadiadancestudio.com\/index.php\/wp-json\/wp\/v2\/pages\/829\/revisions\/2780"}],"wp:attachment":[{"href":"https:\/\/arcadiadancestudio.com\/index.php\/wp-json\/wp\/v2\/media?parent=829"}],"curies":[{"name":"wp","href":"https:\/\/api.w.org\/{rel}","templated":true}]}}