{"id":491,"date":"2023-05-01T10:22:24","date_gmt":"2023-05-01T10:22:24","guid":{"rendered":"https:\/\/arcadiadancestudio.com\/?page_id=491"},"modified":"2024-09-25T08:03:01","modified_gmt":"2024-09-25T08:03:01","slug":"contacte","status":"publish","type":"page","link":"https:\/\/arcadiadancestudio.com\/index.php\/contacte\/","title":{"rendered":"Contacto"},"content":{"rendered":"\n<figure class=\"wp-block-image size-large\"><img decoding=\"async\" loading=\"lazy\" width=\"1024\" height=\"683\" src=\"https:\/\/arcadiadancestudio.com\/wp-content\/uploads\/2023\/05\/DSC0655-2-1024x683.jpg\" alt=\"\" class=\"wp-image-1010\" srcset=\"https:\/\/arcadiadancestudio.com\/wp-content\/uploads\/2023\/05\/DSC0655-2-1024x683.jpg 1024w, https:\/\/arcadiadancestudio.com\/wp-content\/uploads\/2023\/05\/DSC0655-2-300x200.jpg 300w, https:\/\/arcadiadancestudio.com\/wp-content\/uploads\/2023\/05\/DSC0655-2-768x512.jpg 768w, https:\/\/arcadiadancestudio.com\/wp-content\/uploads\/2023\/05\/DSC0655-2-1536x1024.jpg 1536w, https:\/\/arcadiadancestudio.com\/wp-content\/uploads\/2023\/05\/DSC0655-2-2048x1365.jpg 2048w\" sizes=\"(max-width: 1024px) 100vw, 1024px\" \/><\/figure>\n\n\n\n<p>Escr\u00edbeme para encontrar el mejor plan de pr\u00e1ctica de danza y yoga para ti, si tienes dudas de estilos o niveles, yo te ayudo y me adapto a tu disponibilidad.<\/p>\n\n\n\n<p>Escr\u00edbeme un email:<\/p>\n\n\n\n<p>arcadiadancestudio@gmail.com <\/p>\n\n\n\n<p>o rellena este formulario:<\/p>\n","protected":false},"excerpt":{"rendered":"<p>Escr\u00edbeme para encontrar el mejor plan de pr\u00e1ctica de danza y yoga para ti, si tienes dudas de estilos o niveles, yo te ayudo y me adapto a tu disponibilidad. Escr\u00edbeme un email: arcadiadancestudio@gmail.com o rellena este formulario:<\/p>\n","protected":false},"author":1,"featured_media":0,"parent":0,"menu_order":0,"comment_status":"closed","ping_status":"closed","template":"","meta":{"om_disable_all_campaigns":false,"_uag_custom_page_level_css":"","_monsterinsights_skip_tracking":false,"_monsterinsights_sitenote_active":false,"_monsterinsights_sitenote_note":"","_monsterinsights_sitenote_category":0,"swt_meta_header_display":false,"swt_meta_footer_display":false,"swt_meta_site_title_display":true,"swt_meta_sticky_header":false,"swt_meta_transparent_header":false},"aioseo_notices":[],"uagb_featured_image_src":{"full":false,"thumbnail":false,"medium":false,"medium_large":false,"large":false,"1536x1536":false,"2048x2048":false},"uagb_author_info":{"display_name":"arcadiadancce","author_link":"https:\/\/arcadiadancestudio.com\/index.php\/author\/arcadiadancce\/"},"uagb_comment_info":0,"uagb_excerpt":"Escr\u00edbeme para encontrar el mejor plan de pr\u00e1ctica de danza y yoga para ti, si tienes dudas de estilos o niveles, yo te ayudo y me adapto a tu disponibilidad. Escr\u00edbeme un email: arcadiadancestudio@gmail.com o rellena este formulario:","_links":{"self":[{"href":"https:\/\/arcadiadancestudio.com\/index.php\/wp-json\/wp\/v2\/pages\/491"}],"collection":[{"href":"https:\/\/arcadiadancestudio.com\/index.php\/wp-json\/wp\/v2\/pages"}],"about":[{"href":"https:\/\/arcadiadancestudio.com\/index.php\/wp-json\/wp\/v2\/types\/page"}],"author":[{"embeddable":true,"href":"https:\/\/arcadiadancestudio.com\/index.php\/wp-json\/wp\/v2\/users\/1"}],"replies":[{"embeddable":true,"href":"https:\/\/arcadiadancestudio.com\/index.php\/wp-json\/wp\/v2\/comments?post=491"}],"version-history":[{"count":10,"href":"https:\/\/arcadiadancestudio.com\/index.php\/wp-json\/wp\/v2\/pages\/491\/revisions"}],"predecessor-version":[{"id":1977,"href":"https:\/\/arcadiadancestudio.com\/index.php\/wp-json\/wp\/v2\/pages\/491\/revisions\/1977"}],"wp:attachment":[{"href":"https:\/\/arcadiadancestudio.com\/index.php\/wp-json\/wp\/v2\/media?parent=491"}],"curies":[{"name":"wp","href":"https:\/\/api.w.org\/{rel}","templated":true}]}}