{"id":2745,"date":"2026-02-01T18:04:13","date_gmt":"2026-02-01T18:04:13","guid":{"rendered":"https:\/\/arcadiadancestudio.com\/?page_id=2745"},"modified":"2026-02-01T18:06:50","modified_gmt":"2026-02-01T18:06:50","slug":"coreografia-nupcial-creativa","status":"publish","type":"page","link":"https:\/\/arcadiadancestudio.com\/index.php\/coreografia-nupcial-creativa\/","title":{"rendered":"Coreograf\u00eda Nupcial Creativa"},"content":{"rendered":"\n<p>\u00bfNo os veis haciendo un t\u00edpico vals?<br>\u00bfVuestra boda es especial, tem\u00e1tica o diferente y quer\u00e9is que el baile est\u00e9 a la altura del momento?<br>Puedo crear coreograf\u00edas nupciales personalizadas para parejas que quieren <strong>emocionar, contar su historia y celebrar el amor desde un lugar aut\u00e9ntico y poco convencional<\/strong>.<\/p>\n\n\n\n<figure class=\"wp-block-image size-large is-resized\"><img decoding=\"async\" loading=\"lazy\" src=\"https:\/\/arcadiadancestudio.com\/wp-content\/uploads\/2026\/02\/ChatGPT-Image-1-feb-2026-18_54_25-683x1024.jpg\" alt=\"\" class=\"wp-image-2746\" width=\"295\" height=\"442\" srcset=\"https:\/\/arcadiadancestudio.com\/wp-content\/uploads\/2026\/02\/ChatGPT-Image-1-feb-2026-18_54_25-683x1024.jpg 683w, https:\/\/arcadiadancestudio.com\/wp-content\/uploads\/2026\/02\/ChatGPT-Image-1-feb-2026-18_54_25-200x300.jpg 200w, https:\/\/arcadiadancestudio.com\/wp-content\/uploads\/2026\/02\/ChatGPT-Image-1-feb-2026-18_54_25-768x1152.jpg 768w, https:\/\/arcadiadancestudio.com\/wp-content\/uploads\/2026\/02\/ChatGPT-Image-1-feb-2026-18_54_25.jpg 1024w\" sizes=\"(max-width: 295px) 100vw, 295px\" \/><\/figure>\n\n\n\n<p><strong>Qu\u00e9 incluye este servicio?:<\/strong><\/p>\n\n\n\n<ul>\n<li>Dise\u00f1o coreogr\u00e1fico a medida<\/li>\n\n\n\n<li>Direcci\u00f3n art\u00edstica del momento<\/li>\n\n\n\n<li>Acompa\u00f1amiento creativo <\/li>\n\n\n\n<li>Adaptaci\u00f3n total al nivel f\u00edsico y emocional de la pareja<\/li>\n<\/ul>\n\n\n\n<p>No se trata de bailar \u201cbien\u201d, sino de <strong>expresar qui\u00e9nes sois<\/strong>.<\/p>\n\n\n\n<p><\/p>\n\n\n\n<h6 class=\"wp-block-heading\">C\u00f3mo es el proceso?<\/h6>\n\n\n\n<ol>\n<li><strong>Primera entrevista<\/strong> : en esta entrevista (gratuita y sin compromiso) nos conocemos y me explic\u00e1is vuestra idea o tem\u00e1tica (historia, m\u00fasica, est\u00e9tica, l\u00edmites) o bien si no ten\u00e9is ideas claras podemos ver lo que os gustar\u00eda o lo que no.<\/li>\n\n\n\n<li>Propuesta creativa (idea + atm\u00f3sfera + estructura)<\/li>\n\n\n\n<li>Creaci\u00f3n y ensayos (pueden ser presencial u online)<\/li>\n\n\n\n<li>Ajustes finales y acompa\u00f1amiento hasta el d\u00eda B<\/li>\n<\/ol>\n\n\n\n<p id=\"coreografianupcial\">El pack de sesiones de este servicio, despu\u00e9s de la entrevista previa, se ofrece de forma cerrada, con presupuesto fijado y teniendo en cuenta los ensayos que sean necesarios para que ese d\u00eda lo disfrut\u00e9is al m\u00e1ximo, adaptado a todos los niveles de experiencia de danza o movimiento. <\/p>\n\n\n\n<p>Para qui\u00e9n es (y para qui\u00e9n no):<\/p>\n\n\n\n<p>Este servicio es para parejas que buscan algo aut\u00e9ntico y art\u00edstico.<br>No es un servicio de baile tradicional ni coreograf\u00edas sociales est\u00e1ndar.<\/p>\n\n\n\n<p>Escr\u00edbeme y cu\u00e9ntame vuestra historia.<br>A partir de ah\u00ed vemos si este camino es para vosotros.<\/p>\n\n\n\n<p>arcadiadancestudio@gmail.com<\/p>\n","protected":false},"excerpt":{"rendered":"<p>\u00bfNo os veis haciendo un t\u00edpico vals?\u00bfVuestra boda es especial, tem\u00e1tica o diferente y quer\u00e9is que el baile est\u00e9 a la altura del momento?Puedo crear coreograf\u00edas nupciales personalizadas para parejas que quieren emocionar, contar su historia y celebrar el amor desde un lugar aut\u00e9ntico y poco convencional. Qu\u00e9 incluye este servicio?: No se trata de [&hellip;]<\/p>\n","protected":false},"author":1,"featured_media":2746,"parent":0,"menu_order":0,"comment_status":"closed","ping_status":"closed","template":"","meta":{"om_disable_all_campaigns":false,"_uag_custom_page_level_css":"","_monsterinsights_skip_tracking":false,"_monsterinsights_sitenote_active":false,"_monsterinsights_sitenote_note":"","_monsterinsights_sitenote_category":0,"swt_meta_header_display":false,"swt_meta_footer_display":false,"swt_meta_site_title_display":true,"swt_meta_sticky_header":false,"swt_meta_transparent_header":false},"aioseo_notices":[],"uagb_featured_image_src":{"full":["https:\/\/arcadiadancestudio.com\/wp-content\/uploads\/2026\/02\/ChatGPT-Image-1-feb-2026-18_54_25.jpg",1024,1536,false],"thumbnail":["https:\/\/arcadiadancestudio.com\/wp-content\/uploads\/2026\/02\/ChatGPT-Image-1-feb-2026-18_54_25-150x150.jpg",150,150,true],"medium":["https:\/\/arcadiadancestudio.com\/wp-content\/uploads\/2026\/02\/ChatGPT-Image-1-feb-2026-18_54_25-200x300.jpg",200,300,true],"medium_large":["https:\/\/arcadiadancestudio.com\/wp-content\/uploads\/2026\/02\/ChatGPT-Image-1-feb-2026-18_54_25-768x1152.jpg",768,1152,true],"large":["https:\/\/arcadiadancestudio.com\/wp-content\/uploads\/2026\/02\/ChatGPT-Image-1-feb-2026-18_54_25-683x1024.jpg",683,1024,true],"1536x1536":["https:\/\/arcadiadancestudio.com\/wp-content\/uploads\/2026\/02\/ChatGPT-Image-1-feb-2026-18_54_25.jpg",1024,1536,false],"2048x2048":["https:\/\/arcadiadancestudio.com\/wp-content\/uploads\/2026\/02\/ChatGPT-Image-1-feb-2026-18_54_25.jpg",1024,1536,false]},"uagb_author_info":{"display_name":"arcadiadancce","author_link":"https:\/\/arcadiadancestudio.com\/index.php\/author\/arcadiadancce\/"},"uagb_comment_info":0,"uagb_excerpt":"\u00bfNo os veis haciendo un t\u00edpico vals?\u00bfVuestra boda es especial, tem\u00e1tica o diferente y quer\u00e9is que el baile est\u00e9 a la altura del momento?Puedo crear coreograf\u00edas nupciales personalizadas para parejas que quieren emocionar, contar su historia y celebrar el amor desde un lugar aut\u00e9ntico y poco convencional. Qu\u00e9 incluye este servicio?: No se trata de&hellip;","_links":{"self":[{"href":"https:\/\/arcadiadancestudio.com\/index.php\/wp-json\/wp\/v2\/pages\/2745"}],"collection":[{"href":"https:\/\/arcadiadancestudio.com\/index.php\/wp-json\/wp\/v2\/pages"}],"about":[{"href":"https:\/\/arcadiadancestudio.com\/index.php\/wp-json\/wp\/v2\/types\/page"}],"author":[{"embeddable":true,"href":"https:\/\/arcadiadancestudio.com\/index.php\/wp-json\/wp\/v2\/users\/1"}],"replies":[{"embeddable":true,"href":"https:\/\/arcadiadancestudio.com\/index.php\/wp-json\/wp\/v2\/comments?post=2745"}],"version-history":[{"count":2,"href":"https:\/\/arcadiadancestudio.com\/index.php\/wp-json\/wp\/v2\/pages\/2745\/revisions"}],"predecessor-version":[{"id":2750,"href":"https:\/\/arcadiadancestudio.com\/index.php\/wp-json\/wp\/v2\/pages\/2745\/revisions\/2750"}],"wp:featuredmedia":[{"embeddable":true,"href":"https:\/\/arcadiadancestudio.com\/index.php\/wp-json\/wp\/v2\/media\/2746"}],"wp:attachment":[{"href":"https:\/\/arcadiadancestudio.com\/index.php\/wp-json\/wp\/v2\/media?parent=2745"}],"curies":[{"name":"wp","href":"https:\/\/api.w.org\/{rel}","templated":true}]}}