{"id":1603,"date":"2024-02-03T17:00:38","date_gmt":"2024-02-03T17:00:38","guid":{"rendered":"https:\/\/arcadiadancestudio.com\/?page_id=1603"},"modified":"2026-01-27T11:11:25","modified_gmt":"2026-01-27T11:11:25","slug":"ventajas-arcadia","status":"publish","type":"page","link":"https:\/\/arcadiadancestudio.com\/index.php\/ventajas-arcadia\/","title":{"rendered":"Ventajas Arcadia"},"content":{"rendered":"\n<figure class=\"wp-block-image size-large\"><img decoding=\"async\" loading=\"lazy\" width=\"1024\" height=\"618\" src=\"https:\/\/arcadiadancestudio.com\/wp-content\/uploads\/2024\/02\/DSC_0812-1024x618.jpg\" alt=\"\" class=\"wp-image-1604\" srcset=\"https:\/\/arcadiadancestudio.com\/wp-content\/uploads\/2024\/02\/DSC_0812-1024x618.jpg 1024w, https:\/\/arcadiadancestudio.com\/wp-content\/uploads\/2024\/02\/DSC_0812-300x181.jpg 300w, https:\/\/arcadiadancestudio.com\/wp-content\/uploads\/2024\/02\/DSC_0812-768x464.jpg 768w, https:\/\/arcadiadancestudio.com\/wp-content\/uploads\/2024\/02\/DSC_0812-1536x927.jpg 1536w, https:\/\/arcadiadancestudio.com\/wp-content\/uploads\/2024\/02\/DSC_0812-2048x1236.jpg 2048w\" sizes=\"(max-width: 1024px) 100vw, 1024px\" \/><\/figure>\n\n\n\n<p>Mucho m\u00e1s que clases, formar parte de Arcadia es un sentimiento de pertenencia a una gran familia, una tribu, pero tambi\u00e9n te trae beneficios y ventajas que queremos que conozcas y disfrutes de forma privilegiada:<\/p>\n\n\n\n<p><\/p>\n\n\n\n<ul>\n<li>En Arcadia valoramos el boca a boca y la confianza. Si vienes recomendada por una alumna, puedes disfrutar de tu <strong>primera clase a precio reducido<\/strong>, y si decides apuntarte, la <strong>matr\u00edcula es gratuita<\/strong>. Adem\u00e1s, la alumna que te recomienda recibe una <strong>clase de regalo<\/strong> para disfrutar de cualquier disciplina activa del estudio. Porque lo que transforma, se comparte.<\/li>\n\n\n\n<li>Posibilidad de recuperar clases con la grabaci\u00f3n de la clase que te pierdes si avisas con antelaci\u00f3n o bien en otras disciplinas o clases regulares programadas. De esta forma si alg\u00fan d\u00eda no puedes asistir a tu clase tienes un plazo para recuperarla otro d\u00eda, en otro horario. Al igual que los d\u00edas festivos que coinciden con tu d\u00eda de clase, tampoco pierdes esa clase.<\/li>\n\n\n\n<li>Posibilidad de alquilar sala para ensayos para cualquier estudiante de Arcadia. Disponible sala de 25m2 o bien sala principal  de m\u00e1s de 60m2. S\u00f3lo tienes que preguntar disponibilidad y hacer la reserva. Precios muy econ\u00f3micos, cons\u00faltame. <\/li>\n\n\n\n<li>Surtidor de agua fr\u00eda para hidratarte o rellenar tu botella para la clase, as\u00ed como agua caliente para poder tomarte un t\u00e9 o infusi\u00f3n entre clases.<\/li>\n\n\n\n<li>Espacio exterior privado para desconectar entre clases.<\/li>\n\n\n\n<li>Prioridad de tener plaza en las Haflas, puedes mostrar alguna creaci\u00f3n propia o recuperar alguna coreografia que hayamos trabajado en una de nuestras Haflas que realizamos peri\u00f3dicamente en el estudio. Me enorgullece compartir lo que vas aprendiendo aqu\u00ed y me emociona potenciar y difundir el talento interno, tanto en danza como en otras disciplinas art\u00edsticas. <\/li>\n\n\n\n<li>Poder contratar clases particulares y bono para complementar tus clases, o bien si tienes alg\u00fan proyecto concreto, no dudes en consultar y contarme tu objetivo para trabajar juntas en ello. Me adaptado a tu disponibilidad.<\/li>\n\n\n\n<li>Conocer en primicia todas las novedades.<\/li>\n\n\n\n<li>Participaci\u00f3n en sorteos diversos de los comercios locales que organizamos peri\u00f3dicamente en Santa Coloma de Gramenet <\/li>\n\n\n\n<li>Compartir afici\u00f3n y actividades externas que realicemos (retiros, encuentros, cenas, ir a ver espect\u00e1culos, tardes de lectura de historia de nuestros estilos de danza o visionado de actuaciones m\u00edticas, espect\u00e1culos, viajes para asistir a talleres o festivales, y mucho m\u00e1s) todo ello con una gran familia.<\/li>\n\n\n\n<li>Y muchas m\u00e1s que iremos a\u00f1adiendo. Cualquier sugerencia no dudes en coment\u00e1rmela, todo me ayuda para mejorar Arcadia para que te encuentres mejor que en tu casa.<\/li>\n<\/ul>\n\n\n\n<p>arcadiadancestudio@gmail.com<\/p>\n","protected":false},"excerpt":{"rendered":"<p>Mucho m\u00e1s que clases, formar parte de Arcadia es un sentimiento de pertenencia a una gran familia, una tribu, pero tambi\u00e9n te trae beneficios y ventajas que queremos que conozcas y disfrutes de forma privilegiada: arcadiadancestudio@gmail.com<\/p>\n","protected":false},"author":1,"featured_media":0,"parent":0,"menu_order":0,"comment_status":"closed","ping_status":"closed","template":"","meta":{"om_disable_all_campaigns":false,"_uag_custom_page_level_css":"","_monsterinsights_skip_tracking":false,"_monsterinsights_sitenote_active":false,"_monsterinsights_sitenote_note":"","_monsterinsights_sitenote_category":0,"swt_meta_header_display":false,"swt_meta_footer_display":false,"swt_meta_site_title_display":true,"swt_meta_sticky_header":false,"swt_meta_transparent_header":false},"aioseo_notices":[],"uagb_featured_image_src":{"full":false,"thumbnail":false,"medium":false,"medium_large":false,"large":false,"1536x1536":false,"2048x2048":false},"uagb_author_info":{"display_name":"arcadiadancce","author_link":"https:\/\/arcadiadancestudio.com\/index.php\/author\/arcadiadancce\/"},"uagb_comment_info":0,"uagb_excerpt":"Mucho m\u00e1s que clases, formar parte de Arcadia es un sentimiento de pertenencia a una gran familia, una tribu, pero tambi\u00e9n te trae beneficios y ventajas que queremos que conozcas y disfrutes de forma privilegiada: arcadiadancestudio@gmail.com","_links":{"self":[{"href":"https:\/\/arcadiadancestudio.com\/index.php\/wp-json\/wp\/v2\/pages\/1603"}],"collection":[{"href":"https:\/\/arcadiadancestudio.com\/index.php\/wp-json\/wp\/v2\/pages"}],"about":[{"href":"https:\/\/arcadiadancestudio.com\/index.php\/wp-json\/wp\/v2\/types\/page"}],"author":[{"embeddable":true,"href":"https:\/\/arcadiadancestudio.com\/index.php\/wp-json\/wp\/v2\/users\/1"}],"replies":[{"embeddable":true,"href":"https:\/\/arcadiadancestudio.com\/index.php\/wp-json\/wp\/v2\/comments?post=1603"}],"version-history":[{"count":13,"href":"https:\/\/arcadiadancestudio.com\/index.php\/wp-json\/wp\/v2\/pages\/1603\/revisions"}],"predecessor-version":[{"id":2742,"href":"https:\/\/arcadiadancestudio.com\/index.php\/wp-json\/wp\/v2\/pages\/1603\/revisions\/2742"}],"wp:attachment":[{"href":"https:\/\/arcadiadancestudio.com\/index.php\/wp-json\/wp\/v2\/media?parent=1603"}],"curies":[{"name":"wp","href":"https:\/\/api.w.org\/{rel}","templated":true}]}}